
{"id":40148,"date":"2018-07-24T04:56:32","date_gmt":"2018-07-24T04:56:32","guid":{"rendered":"https:\/\/ca.zipwater.com\/?page_id=40148"},"modified":"2023-01-04T22:15:33","modified_gmt":"2023-01-04T22:15:33","slug":"politique-de-confidentialite","status":"publish","type":"page","link":"https:\/\/ca.zipwater.com\/fr\/politique-de-confidentialite\/","title":{"rendered":"Politique de Confidentialit\u00e9"},"content":{"rendered":"<div class=\"wpb-content-wrapper\"><p>[vc_row top_padding=&#8221;50&#8243; bottom_padding=&#8221;50&#8243; bg_position=&#8221;left top&#8221;][vc_column width=&#8221;1\/1&#8243;][vc_column_text]Effective Date: 1 January, 2022<\/p>\n<h2>Informations personnelles<\/h2>\n<p>Culligan International d\/b\/a Zip Water recueille des informations personnelles de vous seulement sur une base volontaire quand vous compl\u00e9t\u00e9z un formulaire de contact. Ces informations peuvent \u00eatres utilis\u00e9es par nous dans le b\u00fbt de vous contacter pour vous fournir des informations sur nos produits et services, ou pour traiter une commande. Quand vous nous fournissez votre addresse de courriel soit que nous vous contacterons personnellement ou vous placeront dans notre base de donn\u00e9es de marketing par courriel. Quoique courriel de marketing que vous pourriez recevoir vous donnera l\u2019opportunit\u00e9 de vous d\u00e9sinscrire ou de choisir de ne pas adh\u00e9rer au bas de la page du courriel et vous serez imm\u00e9diatement radi\u00e9s. Vous pouvez aussi demander que ces informations soient radi\u00e9es de notre base de donn\u00e9es de marketing en nous faisant parvenir un courriel \u00e0 <a href=\"mailto:marketing@us.zipwater.com\">marketing@us.zipwater.com<\/a>. Nous recueillons les noms de domaines et autres informations g\u00e9n\u00e9riques qui sont disponibles de Google Analytiques des gens qui visitent notre site. Nous ne vendons jamais quoiques informations personnelles \u00e0 des tierces parties. Certaines de nos pages Web peuvent utiliser des \u201dcookies\u201d afin de mieux vous servir quand vous visitez notre site. Cette technologie nous permet de vous fournir des informations personnalis\u00e9es quand vous visitez culliganmontreal.com en transmettant des informations \u00e0 votre ordinateur et les entreposant sur votre syst\u00e8me. Vous pouvez r\u00e9gler votre navigateur Web pour vous aviser quand vous allez recevoir un \u201dcookie\u201d afin que vous puissiez soit l\u2019accepter ou le rejeter.<\/p>\n<h2>Liens<\/h2>\n<p>Bien que note site contient des liens \u00e0 d\u2019autres sites Web, Zip Water n\u2019est pas responsable pour les politiques de confidentialit\u00e9 des tels sites Web. Zip Water se r\u00e9serve le droit de modifier et mettre \u00e0 jour nos termes de confidentialit\u00e9 en tout temps.<\/p>\n<h2>Pourquoi avons-nous besoin de votre code postal?<\/h2>\n<p>Zip Water dessert plusieurs comt\u00e9s situ\u00e9s dans Canada. Afin de nous assurer que vous \u00eates situ\u00e9s dans notre r\u00e9gion de contact, vous devez nous fournir votre code postal.. Si vous \u00eates situ\u00e9 \u00e0 l\u2019ext\u00e9rieur de notre territoire nous ferons de notre mieux pour vous diriger vers votre concessionnaire local, qui sera en mesure de vous aider.<\/p>\n<h2>Marketing additionnel<\/h2>\n<p>Quand vous visitez notre site Web il se peut que nous utilisions vos \u201dcookies\u201d pour suivre votre visite et votre interaction avec notre site Web. Ces informations nous aident \u00e0 vous fournir des publicit\u00e9s suppl\u00e9mentaires utilisant Google ainsi que d\u2019autres r\u00e9saux qui sont reli\u00e9s \u00e0 nos produits et services pendant que vous naviguez l\u2019Internet. Nous faites de notre mieux pour arr\u00eater l\u2019affichage de ces publicit\u00e9s apr\u00e8s que vous nous avez contact\u00e9, toutefois, vous pouvez toujours choisir de ne pas adh\u00e9rer \u00e0 l\u2019utilisation de \u201ccookies\u201d par Google en visitant votre G\u00e9rant de Pr\u00e9f\u00e9rences de Publicit\u00e9s.<\/p>\n<\/div>","protected":false},"excerpt":{"rendered":"<p>[vc_row top_padding=&#8221;50&#8243; bottom_padding=&#8221;50&#8243; bg_position=&#8221;left top&#8221;][vc_column width=&#8221;1\/1&#8243;][vc_column_text]Effective Date: 1 January, 2022 Informations personnelles Culligan International d\/b\/a Zip Water recueille des informations personnelles de vous seulement sur une base volontaire quand vous compl\u00e9t\u00e9z un formulaire de contact. Ces informations peuvent \u00eatres utilis\u00e9es par nous dans le b\u00fbt de vous contacter pour vous fournir des informations sur nos produits et services, ou pour traiter une commande. Quand vous nous fournissez votre addresse de courriel soit que nous vous contacterons personnellement ou vous placeront dans notre base de donn\u00e9es de marketing par courriel. Quoique courriel de marketing que vous pourriez recevoir vous donnera l\u2019opportunit\u00e9 de vous d\u00e9sinscrire ou de choisir de ne pas adh\u00e9rer au bas de la page du courriel et vous serez imm\u00e9diatement radi\u00e9s. Vous pouvez aussi demander que ces informations soient radi\u00e9es de notre base de donn\u00e9es de marketing en nous faisant parvenir un courriel \u00e0 marketing@us.zipwater.com. Nous recueillons les noms de domaines et autres informations g\u00e9n\u00e9riques qui sont disponibles de Google Analytiques des gens qui visitent notre site. Nous ne vendons jamais quoiques informations personnelles \u00e0 des tierces parties. Certaines de nos pages Web peuvent utiliser des \u201dcookies\u201d afin de mieux vous servir quand vous visitez notre site. Cette technologie [&hellip;]<\/p>\n","protected":false},"author":13,"featured_media":0,"parent":0,"menu_order":10,"comment_status":"open","ping_status":"open","template":"","meta":{"inline_featured_image":false,"footnotes":""},"class_list":["post-40148","page","type-page","status-publish","hentry"],"yoast_head":"<!-- This site is optimized with the Yoast SEO plugin v27.6 - https:\/\/yoast.com\/product\/yoast-seo-wordpress\/ -->\n<title>Politique de Confidentialit\u00e9 - Zip Water<\/title>\n<meta name=\"robots\" content=\"index, follow, max-snippet:-1, max-image-preview:large, max-video-preview:-1\" \/>\n<link rel=\"canonical\" href=\"https:\/\/ca.zipwater.com\/fr\/politique-de-confidentialite\/\" \/>\n<meta property=\"og:locale\" content=\"fr_FR\" \/>\n<meta property=\"og:type\" content=\"article\" \/>\n<meta property=\"og:title\" content=\"Politique de Confidentialit\u00e9 - Zip Water\" \/>\n<meta property=\"og:description\" content=\"[vc_row top_padding=&#8221;50&#8243; bottom_padding=&#8221;50&#8243; bg_position=&#8221;left top&#8221;][vc_column width=&#8221;1\/1&#8243;][vc_column_text]Effective Date: 1 January, 2022 Informations personnelles Culligan International d\/b\/a Zip Water recueille des informations personnelles de vous seulement sur une base volontaire quand vous compl\u00e9t\u00e9z un formulaire de contact. Ces informations peuvent \u00eatres utilis\u00e9es par nous dans le b\u00fbt de vous contacter pour vous fournir des informations sur nos produits et services, ou pour traiter une commande. Quand vous nous fournissez votre addresse de courriel soit que nous vous contacterons personnellement ou vous placeront dans notre base de donn\u00e9es de marketing par courriel. Quoique courriel de marketing que vous pourriez recevoir vous donnera l\u2019opportunit\u00e9 de vous d\u00e9sinscrire ou de choisir de ne pas adh\u00e9rer au bas de la page du courriel et vous serez imm\u00e9diatement radi\u00e9s. Vous pouvez aussi demander que ces informations soient radi\u00e9es de notre base de donn\u00e9es de marketing en nous faisant parvenir un courriel \u00e0 marketing@us.zipwater.com. Nous recueillons les noms de domaines et autres informations g\u00e9n\u00e9riques qui sont disponibles de Google Analytiques des gens qui visitent notre site. Nous ne vendons jamais quoiques informations personnelles \u00e0 des tierces parties. Certaines de nos pages Web peuvent utiliser des \u201dcookies\u201d afin de mieux vous servir quand vous visitez notre site. Cette technologie [&hellip;]\" \/>\n<meta property=\"og:url\" content=\"https:\/\/ca.zipwater.com\/fr\/politique-de-confidentialite\/\" \/>\n<meta property=\"og:site_name\" content=\"Zip Water\" \/>\n<meta property=\"article:modified_time\" content=\"2023-01-04T22:15:33+00:00\" \/>\n<meta name=\"twitter:card\" content=\"summary_large_image\" \/>\n<meta name=\"twitter:label1\" content=\"Dur\u00e9e de lecture estim\u00e9e\" \/>\n\t<meta name=\"twitter:data1\" content=\"2 minutes\" \/>\n<script type=\"application\/ld+json\" class=\"yoast-schema-graph\">{\"@context\":\"https:\\\/\\\/schema.org\",\"@graph\":[{\"@type\":\"WebPage\",\"@id\":\"https:\\\/\\\/ca.zipwater.com\\\/fr\\\/politique-de-confidentialite\\\/\",\"url\":\"https:\\\/\\\/ca.zipwater.com\\\/fr\\\/politique-de-confidentialite\\\/\",\"name\":\"Politique de Confidentialit\u00e9 - Zip Water\",\"isPartOf\":{\"@id\":\"https:\\\/\\\/ca.zipwater.com\\\/fr\\\/#website\"},\"datePublished\":\"2018-07-24T04:56:32+00:00\",\"dateModified\":\"2023-01-04T22:15:33+00:00\",\"breadcrumb\":{\"@id\":\"https:\\\/\\\/ca.zipwater.com\\\/fr\\\/politique-de-confidentialite\\\/#breadcrumb\"},\"inLanguage\":\"fr-FR\",\"potentialAction\":[{\"@type\":\"ReadAction\",\"target\":[\"https:\\\/\\\/ca.zipwater.com\\\/fr\\\/politique-de-confidentialite\\\/\"]}]},{\"@type\":\"BreadcrumbList\",\"@id\":\"https:\\\/\\\/ca.zipwater.com\\\/fr\\\/politique-de-confidentialite\\\/#breadcrumb\",\"itemListElement\":[{\"@type\":\"ListItem\",\"position\":1,\"name\":\"Home\",\"item\":\"https:\\\/\\\/ca.zipwater.com\\\/fr\\\/\"},{\"@type\":\"ListItem\",\"position\":2,\"name\":\"Politique de Confidentialit\u00e9\"}]},{\"@type\":\"WebSite\",\"@id\":\"https:\\\/\\\/ca.zipwater.com\\\/fr\\\/#website\",\"url\":\"https:\\\/\\\/ca.zipwater.com\\\/fr\\\/\",\"name\":\"Zip Water\",\"description\":\"Zip Water. Zip award winning technology transforms water instantly. Filtered, chilled, boiling, sparkling for home and business. Zip Australia.\",\"publisher\":{\"@id\":\"https:\\\/\\\/ca.zipwater.com\\\/fr\\\/#organization\"},\"potentialAction\":[{\"@type\":\"SearchAction\",\"target\":{\"@type\":\"EntryPoint\",\"urlTemplate\":\"https:\\\/\\\/ca.zipwater.com\\\/fr\\\/?s={search_term_string}\"},\"query-input\":{\"@type\":\"PropertyValueSpecification\",\"valueRequired\":true,\"valueName\":\"search_term_string\"}}],\"inLanguage\":\"fr-FR\"},{\"@type\":\"Organization\",\"@id\":\"https:\\\/\\\/ca.zipwater.com\\\/fr\\\/#organization\",\"name\":\"Zip Water\",\"url\":\"https:\\\/\\\/ca.zipwater.com\\\/fr\\\/\",\"logo\":{\"@type\":\"ImageObject\",\"inLanguage\":\"fr-FR\",\"@id\":\"https:\\\/\\\/ca.zipwater.com\\\/fr\\\/#\\\/schema\\\/logo\\\/image\\\/\",\"url\":\"https:\\\/\\\/ca.zipwater.com\\\/wp-content\\\/uploads\\\/2022\\\/08\\\/zipwater2022_288x288.png\",\"contentUrl\":\"https:\\\/\\\/ca.zipwater.com\\\/wp-content\\\/uploads\\\/2022\\\/08\\\/zipwater2022_288x288.png\",\"width\":288,\"height\":288,\"caption\":\"Zip Water\"},\"image\":{\"@id\":\"https:\\\/\\\/ca.zipwater.com\\\/fr\\\/#\\\/schema\\\/logo\\\/image\\\/\"}}]}<\/script>\n<!-- \/ Yoast SEO plugin. -->","yoast_head_json":{"title":"Politique de Confidentialit\u00e9 - Zip Water","robots":{"index":"index","follow":"follow","max-snippet":"max-snippet:-1","max-image-preview":"max-image-preview:large","max-video-preview":"max-video-preview:-1"},"canonical":"https:\/\/ca.zipwater.com\/fr\/politique-de-confidentialite\/","og_locale":"fr_FR","og_type":"article","og_title":"Politique de Confidentialit\u00e9 - Zip Water","og_description":"[vc_row top_padding=&#8221;50&#8243; bottom_padding=&#8221;50&#8243; bg_position=&#8221;left top&#8221;][vc_column width=&#8221;1\/1&#8243;][vc_column_text]Effective Date: 1 January, 2022 Informations personnelles Culligan International d\/b\/a Zip Water recueille des informations personnelles de vous seulement sur une base volontaire quand vous compl\u00e9t\u00e9z un formulaire de contact. Ces informations peuvent \u00eatres utilis\u00e9es par nous dans le b\u00fbt de vous contacter pour vous fournir des informations sur nos produits et services, ou pour traiter une commande. Quand vous nous fournissez votre addresse de courriel soit que nous vous contacterons personnellement ou vous placeront dans notre base de donn\u00e9es de marketing par courriel. Quoique courriel de marketing que vous pourriez recevoir vous donnera l\u2019opportunit\u00e9 de vous d\u00e9sinscrire ou de choisir de ne pas adh\u00e9rer au bas de la page du courriel et vous serez imm\u00e9diatement radi\u00e9s. Vous pouvez aussi demander que ces informations soient radi\u00e9es de notre base de donn\u00e9es de marketing en nous faisant parvenir un courriel \u00e0 marketing@us.zipwater.com. Nous recueillons les noms de domaines et autres informations g\u00e9n\u00e9riques qui sont disponibles de Google Analytiques des gens qui visitent notre site. Nous ne vendons jamais quoiques informations personnelles \u00e0 des tierces parties. Certaines de nos pages Web peuvent utiliser des \u201dcookies\u201d afin de mieux vous servir quand vous visitez notre site. Cette technologie [&hellip;]","og_url":"https:\/\/ca.zipwater.com\/fr\/politique-de-confidentialite\/","og_site_name":"Zip Water","article_modified_time":"2023-01-04T22:15:33+00:00","twitter_card":"summary_large_image","twitter_misc":{"Dur\u00e9e de lecture estim\u00e9e":"2 minutes"},"schema":{"@context":"https:\/\/schema.org","@graph":[{"@type":"WebPage","@id":"https:\/\/ca.zipwater.com\/fr\/politique-de-confidentialite\/","url":"https:\/\/ca.zipwater.com\/fr\/politique-de-confidentialite\/","name":"Politique de Confidentialit\u00e9 - Zip Water","isPartOf":{"@id":"https:\/\/ca.zipwater.com\/fr\/#website"},"datePublished":"2018-07-24T04:56:32+00:00","dateModified":"2023-01-04T22:15:33+00:00","breadcrumb":{"@id":"https:\/\/ca.zipwater.com\/fr\/politique-de-confidentialite\/#breadcrumb"},"inLanguage":"fr-FR","potentialAction":[{"@type":"ReadAction","target":["https:\/\/ca.zipwater.com\/fr\/politique-de-confidentialite\/"]}]},{"@type":"BreadcrumbList","@id":"https:\/\/ca.zipwater.com\/fr\/politique-de-confidentialite\/#breadcrumb","itemListElement":[{"@type":"ListItem","position":1,"name":"Home","item":"https:\/\/ca.zipwater.com\/fr\/"},{"@type":"ListItem","position":2,"name":"Politique de Confidentialit\u00e9"}]},{"@type":"WebSite","@id":"https:\/\/ca.zipwater.com\/fr\/#website","url":"https:\/\/ca.zipwater.com\/fr\/","name":"Zip Water","description":"Zip Water. Zip award winning technology transforms water instantly. Filtered, chilled, boiling, sparkling for home and business. Zip Australia.","publisher":{"@id":"https:\/\/ca.zipwater.com\/fr\/#organization"},"potentialAction":[{"@type":"SearchAction","target":{"@type":"EntryPoint","urlTemplate":"https:\/\/ca.zipwater.com\/fr\/?s={search_term_string}"},"query-input":{"@type":"PropertyValueSpecification","valueRequired":true,"valueName":"search_term_string"}}],"inLanguage":"fr-FR"},{"@type":"Organization","@id":"https:\/\/ca.zipwater.com\/fr\/#organization","name":"Zip Water","url":"https:\/\/ca.zipwater.com\/fr\/","logo":{"@type":"ImageObject","inLanguage":"fr-FR","@id":"https:\/\/ca.zipwater.com\/fr\/#\/schema\/logo\/image\/","url":"https:\/\/ca.zipwater.com\/wp-content\/uploads\/2022\/08\/zipwater2022_288x288.png","contentUrl":"https:\/\/ca.zipwater.com\/wp-content\/uploads\/2022\/08\/zipwater2022_288x288.png","width":288,"height":288,"caption":"Zip Water"},"image":{"@id":"https:\/\/ca.zipwater.com\/fr\/#\/schema\/logo\/image\/"}}]}},"_links":{"self":[{"href":"https:\/\/ca.zipwater.com\/fr\/wp-json\/wp\/v2\/pages\/40148","targetHints":{"allow":["GET"]}}],"collection":[{"href":"https:\/\/ca.zipwater.com\/fr\/wp-json\/wp\/v2\/pages"}],"about":[{"href":"https:\/\/ca.zipwater.com\/fr\/wp-json\/wp\/v2\/types\/page"}],"author":[{"embeddable":true,"href":"https:\/\/ca.zipwater.com\/fr\/wp-json\/wp\/v2\/users\/13"}],"replies":[{"embeddable":true,"href":"https:\/\/ca.zipwater.com\/fr\/wp-json\/wp\/v2\/comments?post=40148"}],"version-history":[{"count":3,"href":"https:\/\/ca.zipwater.com\/fr\/wp-json\/wp\/v2\/pages\/40148\/revisions"}],"predecessor-version":[{"id":40151,"href":"https:\/\/ca.zipwater.com\/fr\/wp-json\/wp\/v2\/pages\/40148\/revisions\/40151"}],"wp:attachment":[{"href":"https:\/\/ca.zipwater.com\/fr\/wp-json\/wp\/v2\/media?parent=40148"}],"curies":[{"name":"wp","href":"https:\/\/api.w.org\/{rel}","templated":true}]}}