
{"id":40174,"date":"2018-07-25T04:18:18","date_gmt":"2018-07-25T04:18:18","guid":{"rendered":"https:\/\/ca.zipwater.com\/?page_id=40174"},"modified":"2023-01-05T19:23:56","modified_gmt":"2023-01-05T19:23:56","slug":"demandez-un-service-dentretien","status":"publish","type":"page","link":"https:\/\/ca.zipwater.com\/fr\/demandez-un-service-dentretien\/","title":{"rendered":"Demandez un service d\u2019entretien"},"content":{"rendered":"<div class=\"wpb-content-wrapper\"><p>[vc_row][vc_column width=&#8221;1\/1&#8243;]<div role=\"form\" class=\"wpcf7\" id=\"wpcf7-f40175-o1\" lang=\"fr-FR\" dir=\"ltr\">\n<div class=\"screen-reader-response\"><p role=\"status\" aria-live=\"polite\" aria-atomic=\"true\"><\/p> <ul><\/ul><\/div>\n<form action=\"\/fr\/wp-json\/wp\/v2\/pages\/40174#wpcf7-f40175-o1\" method=\"post\" class=\"wpcf7-form init\" novalidate=\"novalidate\" data-status=\"init\">\n<div style=\"display: none;\">\n<input type=\"hidden\" name=\"_wpcf7\" value=\"40175\" \/>\n<input type=\"hidden\" name=\"_wpcf7_version\" value=\"5.3.2\" \/>\n<input type=\"hidden\" name=\"_wpcf7_locale\" value=\"fr_FR\" \/>\n<input type=\"hidden\" name=\"_wpcf7_unit_tag\" value=\"wpcf7-f40175-o1\" \/>\n<input type=\"hidden\" name=\"_wpcf7_container_post\" value=\"0\" \/>\n<input type=\"hidden\" name=\"_wpcf7_posted_data_hash\" value=\"\" \/>\n<\/div>\n<div id=\"cf7md-form\" class=\"cf7md-form\">\n\t\t\t<div class=\"mdc-layout-grid\">\n\t\t\t\t\t\t\t\t\n<div class=\"two\">\n<div class=\"two-items zipselect\">\n\t\t<div class=\"cf7md-item cf7md-select mdc-layout-grid__cell mdc-layout-grid__cell--span-12\">\n\t\t\t<br \/>\n<span class=\"wpcf7-form-control-wrap type\"><select name=\"type\" class=\"wpcf7-form-control wpcf7-select wpcf7-validates-as-required\" aria-required=\"true\" aria-invalid=\"false\"><option value=\"\">---<\/option><option value=\"Pour la maison\">Pour la maison<\/option><option value=\"Pour le bureau\">Pour le bureau<\/option><\/select><\/span><br \/>\n\t\t\t<span style=\"display: none;\" class=\"cf7md-select-label\">Type d'installation<\/span>\n\t\t\t\t\t<\/div>\n\t\t\n<\/div>\n<div class=\"two-items zipselect\">\n\t\t<div class=\"cf7md-item cf7md-select mdc-layout-grid__cell mdc-layout-grid__cell--span-12\">\n\t\t\t<br \/>\n<span class=\"wpcf7-form-control-wrap Preferred\"><select name=\"Preferred\" class=\"wpcf7-form-control wpcf7-select wpcf7-validates-as-required\" aria-required=\"true\" aria-invalid=\"false\"><option value=\"\">---<\/option><option value=\"T\u00e9l\u00e9phone\">T\u00e9l\u00e9phone<\/option><option value=\"Courriel\">Courriel<\/option><\/select><\/span><br \/>\n\t\t\t<span style=\"display: none;\" class=\"cf7md-select-label\">M\u00e9thode de contact pr\u00e9f\u00e9r\u00e9e<\/span>\n\t\t\t\t\t<\/div>\n\t\t\n<\/div>\n<\/div>\n<div class=\"two\">\n<div class=\"two-items\">\n\t\t<div class=\"cf7md-item cf7md-text mdc-layout-grid__cell mdc-layout-grid__cell--span-12\">\n\t\t\t<br \/>\n<span class=\"wpcf7-form-control-wrap FirstName\"><input type=\"text\" name=\"FirstName\" value=\"\" size=\"40\" class=\"wpcf7-form-control wpcf7-text wpcf7-validates-as-required\" aria-required=\"true\" aria-invalid=\"false\" \/><\/span><br \/>\n\t\t\t\t\t\t<div style=\"display: none;\" class=\"cf7md-text-html\">\n\t\t\t\t<div class=\"mdc-textfield\" data-mdc-auto-init=\"MDCTextfield\">\n\t\t\t\t\t<label class=\"mdc-textfield__label\">Pr\u00e9nom (obligatoire)<\/label>\n\t\t\t\t<\/div>\n\t\t\t<\/div>\n\t\t<\/div>\n\t\t\n<\/div>\n<div class=\"two-items\">\n\t\t<div class=\"cf7md-item cf7md-text mdc-layout-grid__cell mdc-layout-grid__cell--span-12\">\n\t\t\t<br \/>\n<span class=\"wpcf7-form-control-wrap LastName\"><input type=\"text\" name=\"LastName\" value=\"\" size=\"40\" class=\"wpcf7-form-control wpcf7-text wpcf7-validates-as-required\" aria-required=\"true\" aria-invalid=\"false\" \/><\/span><br \/>\n\t\t\t\t\t\t<div style=\"display: none;\" class=\"cf7md-text-html\">\n\t\t\t\t<div class=\"mdc-textfield\" data-mdc-auto-init=\"MDCTextfield\">\n\t\t\t\t\t<label class=\"mdc-textfield__label\">Nom de famille (obligatoire)<\/label>\n\t\t\t\t<\/div>\n\t\t\t<\/div>\n\t\t<\/div>\n\t\t\n<\/div>\n<\/div>\n<div class=\"two\">\n<div class=\"two-items\">\n\t\t<div class=\"cf7md-item cf7md-text mdc-layout-grid__cell mdc-layout-grid__cell--span-12\">\n\t\t\t<br \/>\n<span class=\"wpcf7-form-control-wrap Company\"><input type=\"text\" name=\"Company\" value=\"\" size=\"40\" class=\"wpcf7-form-control wpcf7-text\" aria-invalid=\"false\" \/><\/span><br \/>\n\t\t\t\t\t\t<div style=\"display: none;\" class=\"cf7md-text-html\">\n\t\t\t\t<div class=\"mdc-textfield\" data-mdc-auto-init=\"MDCTextfield\">\n\t\t\t\t\t<label class=\"mdc-textfield__label\">Nom de l'entreprise<\/label>\n\t\t\t\t<\/div>\n\t\t\t<\/div>\n\t\t<\/div>\n\t\t\n<\/div>\n<div class=\"two-items\">\n\t\t<div class=\"cf7md-item cf7md-text mdc-layout-grid__cell mdc-layout-grid__cell--span-12\">\n\t\t\t<br \/>\n<span class=\"wpcf7-form-control-wrap Phone\"><input type=\"text\" name=\"Phone\" value=\"\" size=\"40\" class=\"wpcf7-form-control wpcf7-text wpcf7-validates-as-required\" aria-required=\"true\" aria-invalid=\"false\" \/><\/span><br \/>\n\t\t\t\t\t\t<div style=\"display: none;\" class=\"cf7md-text-html\">\n\t\t\t\t<div class=\"mdc-textfield\" data-mdc-auto-init=\"MDCTextfield\">\n\t\t\t\t\t<label class=\"mdc-textfield__label\">Num\u00e9ro de t\u00e9l\u00e9phone (obligatoire)<\/label>\n\t\t\t\t<\/div>\n\t\t\t<\/div>\n\t\t<\/div>\n\t\t\n<\/div>\n<\/div>\n<div class=\"two\">\n<div class=\"two-items\">\n\t\t<div class=\"cf7md-item cf7md-text mdc-layout-grid__cell mdc-layout-grid__cell--span-12\">\n\t\t\t<br \/>\n<span class=\"wpcf7-form-control-wrap Email\"><input type=\"email\" name=\"Email\" value=\"\" size=\"40\" class=\"wpcf7-form-control wpcf7-text wpcf7-email wpcf7-validates-as-required wpcf7-validates-as-email\" aria-required=\"true\" aria-invalid=\"false\" \/><\/span><br \/>\n\t\t\t\t\t\t<div style=\"display: none;\" class=\"cf7md-text-html\">\n\t\t\t\t<div class=\"mdc-textfield\" data-mdc-auto-init=\"MDCTextfield\">\n\t\t\t\t\t<label class=\"mdc-textfield__label\">Adresse de courriel (obligatoire)<\/label>\n\t\t\t\t<\/div>\n\t\t\t<\/div>\n\t\t<\/div>\n\t\t\n<\/div>\n<div class=\"two-items zipselect\">\n\t\t<div class=\"cf7md-item cf7md-select mdc-layout-grid__cell mdc-layout-grid__cell--span-12\">\n\t\t\t<br \/>\n<span class=\"wpcf7-form-control-wrap how-help\"><select name=\"how-help\" class=\"wpcf7-form-control wpcf7-select wpcf7-validates-as-required\" aria-required=\"true\" aria-invalid=\"false\"><option value=\"\">---<\/option><option value=\"Changer le filtre\">Changer le filtre<\/option><option value=\"Recharge CO2\">Recharge CO2<\/option><option value=\"R\u00e9paration demand\u00e9e - Veuillez d\u00e9crire le d\u00e9faut dans la section commentaire ci-dessous\">R\u00e9paration demand\u00e9e - Veuillez d\u00e9crire le d\u00e9faut dans la section commentaire ci-dessous<\/option><\/select><\/span><br \/>\n\t\t\t<span style=\"display: none;\" class=\"cf7md-select-label\">Comment pouvons-nous vous aider?<\/span>\n\t\t\t\t\t<\/div>\n\t\t\n<\/div>\n<\/div>\n<div class=\"two\">\n<div class=\"two-items\">\n\t\t<div class=\"cf7md-item cf7md-text mdc-layout-grid__cell mdc-layout-grid__cell--span-12\">\n\t\t\t<br \/>\n<span class=\"wpcf7-form-control-wrap serial-number\"><input type=\"text\" name=\"serial-number\" value=\"\" size=\"40\" class=\"wpcf7-form-control wpcf7-text wpcf7-validates-as-required\" aria-required=\"true\" aria-invalid=\"false\" \/><\/span><br \/>\n\t\t\t\t\t\t<div style=\"display: none;\" class=\"cf7md-text-html\">\n\t\t\t\t<div class=\"mdc-textfield\" data-mdc-auto-init=\"MDCTextfield\">\n\t\t\t\t\t<label class=\"mdc-textfield__label\">Numero de serie (obligatoire)<\/label>\n\t\t\t\t<\/div>\n\t\t\t<\/div>\n\t\t<\/div>\n\t\t\n<\/div>\n<div class=\"two-items\">\n\t\t<div class=\"cf7md-item cf7md-text mdc-layout-grid__cell mdc-layout-grid__cell--span-12\">\n\t\t\t<br \/>\n<span class=\"wpcf7-form-control-wrap wherepurchase\"><input type=\"text\" name=\"wherepurchase\" value=\"\" size=\"40\" class=\"wpcf7-form-control wpcf7-text wpcf7-validates-as-required\" aria-required=\"true\" aria-invalid=\"false\" \/><\/span><br \/>\n\t\t\t\t\t\t<div style=\"display: none;\" class=\"cf7md-text-html\">\n\t\t\t\t<div class=\"mdc-textfield\" data-mdc-auto-init=\"MDCTextfield\">\n\t\t\t\t\t<label class=\"mdc-textfield__label\">O\u00f9 avez-vous achet\u00e9 votre produit ?<\/label>\n\t\t\t\t<\/div>\n\t\t\t<\/div>\n\t\t<\/div>\n\t\t\n<\/div>\n<\/div>\n<div class=\"two\">\n<div class=\"two-items zipselect\">\n\t\t<div class=\"cf7md-item cf7md-select mdc-layout-grid__cell mdc-layout-grid__cell--span-12\">\n\t\t\t<br \/>\n<span class=\"wpcf7-form-control-wrap tapstyle\"><select name=\"tapstyle\" class=\"wpcf7-form-control wpcf7-select wpcf7-validates-as-required\" aria-required=\"true\" aria-invalid=\"false\"><option value=\"\">---<\/option><option value=\"Celsius All in One\">Celsius All in One<\/option><option value=\"Arc\">Arc<\/option><option value=\"Cube\">Cube<\/option><option value=\"Classic Plus\">Classic Plus<\/option><option value=\"Elite Plus\">Elite Plus<\/option><option value=\"Touch-Free Wave\">Touch-Free Wave<\/option><option value=\"Classic\">Classic<\/option><\/select><\/span><br \/>\n\t\t\t<span style=\"display: none;\" class=\"cf7md-select-label\">style de robinet<\/span>\n\t\t\t\t\t<\/div>\n\t\t\n<\/div>\n<div class=\"two-items zipselect\">\n\t\t<div class=\"cf7md-item cf7md-select mdc-layout-grid__cell mdc-layout-grid__cell--span-12\">\n\t\t\t<br \/>\n<span class=\"wpcf7-form-control-wrap finish\"><select name=\"finish\" class=\"wpcf7-form-control wpcf7-select wpcf7-validates-as-required\" aria-required=\"true\" aria-invalid=\"false\"><option value=\"\">---<\/option><option value=\"Chrome poli\">Chrome poli<\/option><option value=\"Chrome bross\u00e9\">Chrome bross\u00e9<\/option><option value=\"Noir mat\">Noir mat<\/option><option value=\"Or bross\u00e9\">Or bross\u00e9<\/option><option value=\"Nickel\">Nickel<\/option><option value=\"Nickel bross\u00e9\">Nickel bross\u00e9<\/option><option value=\"Gris acier\">Gris acier<\/option><\/select><\/span><br \/>\n\t\t\t<span style=\"display: none;\" class=\"cf7md-select-label\">Couleur du robinet<\/span>\n\t\t\t\t\t<\/div>\n\t\t\n<\/div>\n<\/div>\n<div class=\"three\">\n<div class=\"three-items\">\n\t\t<div class=\"cf7md-item cf7md-text mdc-layout-grid__cell mdc-layout-grid__cell--span-12\">\n\t\t\t<br \/>\n<span class=\"wpcf7-form-control-wrap date-purchased\"><input type=\"date\" name=\"date-purchased\" value=\"\" class=\"wpcf7-form-control wpcf7-date wpcf7-validates-as-required wpcf7-validates-as-date\" aria-required=\"true\" aria-invalid=\"false\" \/><\/span><br \/>\n\t\t\t\t\t\t<div style=\"display: none;\" class=\"cf7md-text-html\">\n\t\t\t\t<div class=\"mdc-textfield\" data-mdc-auto-init=\"MDCTextfield\">\n\t\t\t\t\t<label class=\"mdc-textfield__label\">date d'achat (obligatoire)<\/label>\n\t\t\t\t<\/div>\n\t\t\t<\/div>\n\t\t<\/div>\n\t\t\n<\/div>\n<div class=\"three-items\">\n\t\t<div class=\"cf7md-item cf7md-text mdc-layout-grid__cell mdc-layout-grid__cell--span-12\">\n\t\t\t<br \/>\n<span class=\"wpcf7-form-control-wrap installed-by\"><input type=\"text\" name=\"installed-by\" value=\"\" size=\"40\" class=\"wpcf7-form-control wpcf7-text wpcf7-validates-as-required\" aria-required=\"true\" aria-invalid=\"false\" \/><\/span><br \/>\n\t\t\t\t\t\t<div style=\"display: none;\" class=\"cf7md-text-html\">\n\t\t\t\t<div class=\"mdc-textfield\" data-mdc-auto-init=\"MDCTextfield\">\n\t\t\t\t\t<label class=\"mdc-textfield__label\">install\u00e9 par (obligatoire)<\/label>\n\t\t\t\t<\/div>\n\t\t\t<\/div>\n\t\t<\/div>\n\t\t\n<\/div>\n<div class=\"three-items\">\n\t\t<div class=\"cf7md-item cf7md-text mdc-layout-grid__cell mdc-layout-grid__cell--span-12\">\n\t\t\t<br \/>\n<span class=\"wpcf7-form-control-wrap date-installed\"><input type=\"date\" name=\"date-installed\" value=\"\" class=\"wpcf7-form-control wpcf7-date wpcf7-validates-as-required wpcf7-validates-as-date zip-date-form\" aria-required=\"true\" aria-invalid=\"false\" \/><\/span><br \/>\n\t\t\t\t\t\t<div style=\"display: none;\" class=\"cf7md-text-html\">\n\t\t\t\t<div class=\"mdc-textfield\" data-mdc-auto-init=\"MDCTextfield\">\n\t\t\t\t\t<label class=\"mdc-textfield__label\">date d'installation (obligatoire)<\/label>\n\t\t\t\t<\/div>\n\t\t\t<\/div>\n\t\t<\/div>\n\t\t\n<\/div>\n<\/div>\n<div class=\"two\">\n<div class=\"two-items\">\n\t\t<div class=\"cf7md-item cf7md-text mdc-layout-grid__cell mdc-layout-grid__cell--span-12\">\n\t\t\t<br \/>\n<span class=\"wpcf7-form-control-wrap address\"><input type=\"text\" name=\"address\" value=\"\" size=\"40\" class=\"wpcf7-form-control wpcf7-text wpcf7-validates-as-required\" aria-required=\"true\" aria-invalid=\"false\" \/><\/span><br \/>\n\t\t\t\t\t\t<div style=\"display: none;\" class=\"cf7md-text-html\">\n\t\t\t\t<div class=\"mdc-textfield\" data-mdc-auto-init=\"MDCTextfield\">\n\t\t\t\t\t<label class=\"mdc-textfield__label\">Adresse municipale de l'installation (obligatoire)<\/label>\n\t\t\t\t<\/div>\n\t\t\t<\/div>\n\t\t<\/div>\n\t\t\n<\/div>\n<div class=\"two-items\">\n\t\t<div class=\"cf7md-item cf7md-text mdc-layout-grid__cell mdc-layout-grid__cell--span-12\">\n\t\t\t<br \/>\n<span class=\"wpcf7-form-control-wrap city\"><input type=\"text\" name=\"city\" value=\"\" size=\"40\" class=\"wpcf7-form-control wpcf7-text wpcf7-validates-as-required\" aria-required=\"true\" aria-invalid=\"false\" \/><\/span><br \/>\n\t\t\t\t\t\t<div style=\"display: none;\" class=\"cf7md-text-html\">\n\t\t\t\t<div class=\"mdc-textfield\" data-mdc-auto-init=\"MDCTextfield\">\n\t\t\t\t\t<label class=\"mdc-textfield__label\">Ville (obligatoire)<\/label>\n\t\t\t\t<\/div>\n\t\t\t<\/div>\n\t\t<\/div>\n\t\t\n<\/div>\n<\/div>\n<div class=\"two\">\n<div class=\"two-items\">\n\t\t<div class=\"cf7md-item cf7md-text mdc-layout-grid__cell mdc-layout-grid__cell--span-12\">\n\t\t\t<br \/>\n<span class=\"wpcf7-form-control-wrap state\"><input type=\"text\" name=\"state\" value=\"\" size=\"40\" class=\"wpcf7-form-control wpcf7-text wpcf7-validates-as-required\" aria-required=\"true\" aria-invalid=\"false\" \/><\/span><br \/>\n\t\t\t\t\t\t<div style=\"display: none;\" class=\"cf7md-text-html\">\n\t\t\t\t<div class=\"mdc-textfield\" data-mdc-auto-init=\"MDCTextfield\">\n\t\t\t\t\t<label class=\"mdc-textfield__label\">Province (obligatoire)<\/label>\n\t\t\t\t<\/div>\n\t\t\t<\/div>\n\t\t<\/div>\n\t\t\n<\/div>\n<div class=\"two-items\">\n\t\t<div class=\"cf7md-item cf7md-text mdc-layout-grid__cell mdc-layout-grid__cell--span-12\">\n\t\t\t<br \/>\n<span class=\"wpcf7-form-control-wrap zipcode\"><input type=\"text\" name=\"zipcode\" value=\"\" size=\"40\" class=\"wpcf7-form-control wpcf7-text wpcf7-validates-as-required\" aria-required=\"true\" aria-invalid=\"false\" \/><\/span><br \/>\n\t\t\t\t\t\t<div style=\"display: none;\" class=\"cf7md-text-html\">\n\t\t\t\t<div class=\"mdc-textfield\" data-mdc-auto-init=\"MDCTextfield\">\n\t\t\t\t\t<label class=\"mdc-textfield__label\">Code postal (obligatoire)<\/label>\n\t\t\t\t<\/div>\n\t\t\t<\/div>\n\t\t<\/div>\n\t\t\n<\/div>\n<\/div>\n\t\t<div class=\"cf7md-item cf7md-textarea mdc-layout-grid__cell mdc-layout-grid__cell--span-12 cf7md-textarea-autosize\">\n\t\t\t<br \/>\n<span class=\"wpcf7-form-control-wrap Comments\"><textarea name=\"Comments\" cols=\"40\" rows=\"10\" class=\"wpcf7-form-control wpcf7-textarea\" aria-invalid=\"false\"><\/textarea><\/span><br \/>\n\t\t\t\t\t\t<div style=\"display: none;\" class=\"cf7md-text-html\">\n\t\t\t\t<div class=\"mdc-textfield mdc-textfield--multiline mdc-textfield--upgraded\" data-mdc-auto-init=\"MDCTextfield\">\n\t\t\t\t\t<label class=\"mdc-textfield__label\">Commentaires<\/label>\n\t\t\t\t<\/div>\n\t\t\t<\/div>\n\t\t<\/div>\n\t\t\n\t\t<div class=\"cf7md-item cf7md-checkbox mdc-layout-grid__cell mdc-layout-grid__cell--span-12 cf7md-list cf7md-list__stacked\">\n\t\t\t\t\t\t\t<label class=\"cf7md-label cf7md-label--static\">En cochant cette case vous acceptez nos <a href='https:\/\/ca.zipwater.com\/zip-water-terms-of-use-form\/'>conditions d'utilisation<\/a> et<a href='https:\/\/ca.zipwater.com\/zip-water-privacy-policy\/'>notre politique de confidentialit\u00e9<\/a>*.<\/label>\n\t\t\t\t\t\t<br \/>\n<span class=\"wpcf7-form-control-wrap KeepUpdated\"><span class=\"wpcf7-form-control wpcf7-acceptance\"><span class=\"wpcf7-list-item\"><input type=\"checkbox\" name=\"KeepUpdated\" value=\"1\" aria-invalid=\"false\" \/><\/span><\/span><\/span><br \/>\n\t\t\t<div style=\"display: none;\" class=\"cf7md-checkbox-html\">\n\t\t\t\t<div class=\"mdc-checkbox__background\">\n\t\t\t\t\t<svg version=\"1.1\"\n\t\t\t\t\t\tclass=\"mdc-checkbox__checkmark\"\n\t\t\t\t\t\txmlns=\"http:\/\/www.w3.org\/2000\/svg\"\n\t\t\t\t\t\tviewBox=\"0 0 24 24\"\n\t\t\t\t\t\txml:space=\"preserve\">\n\t\t\t\t\t\t<path class=\"mdc-checkbox__checkmark__path\"\n\t\t\t\t\t\t\tfill=\"none\"\n\t\t\t\t\t\t\tstroke=\"white\"\n\t\t\t\t\t\t\td=\"M1.73,12.91 8.1,19.28 22.79,4.59\"\/>\n\t\t\t\t\t<\/svg>\n\t\t\t\t\t<div class=\"mdc-checkbox__mixedmark\"><\/div>\n\t\t\t\t<\/div>\n\t\t\t<\/div>\n\t\t\t\t\t<\/div>\n\t\t\n<p><input type=\"submit\" value=\"ENVOYER\" class=\"wpcf7-form-control wpcf7-submit\" \/><br \/>\n\t\t\t\t\t\t\t<\/div>\n\t\t<\/div>\n<div class=\"inv-recaptcha-holder\"><\/div><div class=\"wpcf7-response-output\" aria-hidden=\"true\"><\/div><\/form><\/div>[\/vc_column][\/vc_row]<\/p>\n<\/div>","protected":false},"excerpt":{"rendered":"<p>[vc_row][vc_column width=&#8221;1\/1&#8243;][\/vc_column][\/vc_row]<\/p>\n","protected":false},"author":13,"featured_media":0,"parent":0,"menu_order":0,"comment_status":"closed","ping_status":"closed","template":"","meta":{"inline_featured_image":false,"footnotes":""},"class_list":["post-40174","page","type-page","status-publish","hentry"],"yoast_head":"<!-- This site is optimized with the Yoast SEO plugin v27.6 - https:\/\/yoast.com\/product\/yoast-seo-wordpress\/ -->\n<title>Demandez un service d\u2019entretien - Zip Water<\/title>\n<meta name=\"robots\" content=\"index, follow, max-snippet:-1, max-image-preview:large, max-video-preview:-1\" \/>\n<link rel=\"canonical\" href=\"https:\/\/ca.zipwater.com\/fr\/demandez-un-service-dentretien\/\" \/>\n<meta property=\"og:locale\" content=\"fr_FR\" \/>\n<meta property=\"og:type\" content=\"article\" \/>\n<meta property=\"og:title\" content=\"Demandez un service d\u2019entretien - Zip Water\" \/>\n<meta property=\"og:description\" content=\"[vc_row][vc_column width=&#8221;1\/1&#8243;][\/vc_column][\/vc_row]\" \/>\n<meta property=\"og:url\" content=\"https:\/\/ca.zipwater.com\/fr\/demandez-un-service-dentretien\/\" \/>\n<meta property=\"og:site_name\" content=\"Zip Water\" \/>\n<meta property=\"article:modified_time\" content=\"2023-01-05T19:23:56+00:00\" \/>\n<meta name=\"twitter:card\" content=\"summary_large_image\" \/>\n<script type=\"application\/ld+json\" class=\"yoast-schema-graph\">{\"@context\":\"https:\\\/\\\/schema.org\",\"@graph\":[{\"@type\":\"WebPage\",\"@id\":\"https:\\\/\\\/ca.zipwater.com\\\/fr\\\/demandez-un-service-dentretien\\\/\",\"url\":\"https:\\\/\\\/ca.zipwater.com\\\/fr\\\/demandez-un-service-dentretien\\\/\",\"name\":\"Demandez un service d\u2019entretien - Zip Water\",\"isPartOf\":{\"@id\":\"https:\\\/\\\/ca.zipwater.com\\\/fr\\\/#website\"},\"datePublished\":\"2018-07-25T04:18:18+00:00\",\"dateModified\":\"2023-01-05T19:23:56+00:00\",\"breadcrumb\":{\"@id\":\"https:\\\/\\\/ca.zipwater.com\\\/fr\\\/demandez-un-service-dentretien\\\/#breadcrumb\"},\"inLanguage\":\"fr-FR\",\"potentialAction\":[{\"@type\":\"ReadAction\",\"target\":[\"https:\\\/\\\/ca.zipwater.com\\\/fr\\\/demandez-un-service-dentretien\\\/\"]}]},{\"@type\":\"BreadcrumbList\",\"@id\":\"https:\\\/\\\/ca.zipwater.com\\\/fr\\\/demandez-un-service-dentretien\\\/#breadcrumb\",\"itemListElement\":[{\"@type\":\"ListItem\",\"position\":1,\"name\":\"Home\",\"item\":\"https:\\\/\\\/ca.zipwater.com\\\/fr\\\/\"},{\"@type\":\"ListItem\",\"position\":2,\"name\":\"Demandez un service d\u2019entretien\"}]},{\"@type\":\"WebSite\",\"@id\":\"https:\\\/\\\/ca.zipwater.com\\\/fr\\\/#website\",\"url\":\"https:\\\/\\\/ca.zipwater.com\\\/fr\\\/\",\"name\":\"Zip Water\",\"description\":\"Zip Water. Zip award winning technology transforms water instantly. Filtered, chilled, boiling, sparkling for home and business. Zip Australia.\",\"publisher\":{\"@id\":\"https:\\\/\\\/ca.zipwater.com\\\/fr\\\/#organization\"},\"potentialAction\":[{\"@type\":\"SearchAction\",\"target\":{\"@type\":\"EntryPoint\",\"urlTemplate\":\"https:\\\/\\\/ca.zipwater.com\\\/fr\\\/?s={search_term_string}\"},\"query-input\":{\"@type\":\"PropertyValueSpecification\",\"valueRequired\":true,\"valueName\":\"search_term_string\"}}],\"inLanguage\":\"fr-FR\"},{\"@type\":\"Organization\",\"@id\":\"https:\\\/\\\/ca.zipwater.com\\\/fr\\\/#organization\",\"name\":\"Zip Water\",\"url\":\"https:\\\/\\\/ca.zipwater.com\\\/fr\\\/\",\"logo\":{\"@type\":\"ImageObject\",\"inLanguage\":\"fr-FR\",\"@id\":\"https:\\\/\\\/ca.zipwater.com\\\/fr\\\/#\\\/schema\\\/logo\\\/image\\\/\",\"url\":\"https:\\\/\\\/ca.zipwater.com\\\/wp-content\\\/uploads\\\/2022\\\/08\\\/zipwater2022_288x288.png\",\"contentUrl\":\"https:\\\/\\\/ca.zipwater.com\\\/wp-content\\\/uploads\\\/2022\\\/08\\\/zipwater2022_288x288.png\",\"width\":288,\"height\":288,\"caption\":\"Zip Water\"},\"image\":{\"@id\":\"https:\\\/\\\/ca.zipwater.com\\\/fr\\\/#\\\/schema\\\/logo\\\/image\\\/\"}}]}<\/script>\n<!-- \/ Yoast SEO plugin. -->","yoast_head_json":{"title":"Demandez un service d\u2019entretien - Zip Water","robots":{"index":"index","follow":"follow","max-snippet":"max-snippet:-1","max-image-preview":"max-image-preview:large","max-video-preview":"max-video-preview:-1"},"canonical":"https:\/\/ca.zipwater.com\/fr\/demandez-un-service-dentretien\/","og_locale":"fr_FR","og_type":"article","og_title":"Demandez un service d\u2019entretien - Zip Water","og_description":"[vc_row][vc_column width=&#8221;1\/1&#8243;][\/vc_column][\/vc_row]","og_url":"https:\/\/ca.zipwater.com\/fr\/demandez-un-service-dentretien\/","og_site_name":"Zip Water","article_modified_time":"2023-01-05T19:23:56+00:00","twitter_card":"summary_large_image","schema":{"@context":"https:\/\/schema.org","@graph":[{"@type":"WebPage","@id":"https:\/\/ca.zipwater.com\/fr\/demandez-un-service-dentretien\/","url":"https:\/\/ca.zipwater.com\/fr\/demandez-un-service-dentretien\/","name":"Demandez un service d\u2019entretien - Zip Water","isPartOf":{"@id":"https:\/\/ca.zipwater.com\/fr\/#website"},"datePublished":"2018-07-25T04:18:18+00:00","dateModified":"2023-01-05T19:23:56+00:00","breadcrumb":{"@id":"https:\/\/ca.zipwater.com\/fr\/demandez-un-service-dentretien\/#breadcrumb"},"inLanguage":"fr-FR","potentialAction":[{"@type":"ReadAction","target":["https:\/\/ca.zipwater.com\/fr\/demandez-un-service-dentretien\/"]}]},{"@type":"BreadcrumbList","@id":"https:\/\/ca.zipwater.com\/fr\/demandez-un-service-dentretien\/#breadcrumb","itemListElement":[{"@type":"ListItem","position":1,"name":"Home","item":"https:\/\/ca.zipwater.com\/fr\/"},{"@type":"ListItem","position":2,"name":"Demandez un service d\u2019entretien"}]},{"@type":"WebSite","@id":"https:\/\/ca.zipwater.com\/fr\/#website","url":"https:\/\/ca.zipwater.com\/fr\/","name":"Zip Water","description":"Zip Water. Zip award winning technology transforms water instantly. Filtered, chilled, boiling, sparkling for home and business. Zip Australia.","publisher":{"@id":"https:\/\/ca.zipwater.com\/fr\/#organization"},"potentialAction":[{"@type":"SearchAction","target":{"@type":"EntryPoint","urlTemplate":"https:\/\/ca.zipwater.com\/fr\/?s={search_term_string}"},"query-input":{"@type":"PropertyValueSpecification","valueRequired":true,"valueName":"search_term_string"}}],"inLanguage":"fr-FR"},{"@type":"Organization","@id":"https:\/\/ca.zipwater.com\/fr\/#organization","name":"Zip Water","url":"https:\/\/ca.zipwater.com\/fr\/","logo":{"@type":"ImageObject","inLanguage":"fr-FR","@id":"https:\/\/ca.zipwater.com\/fr\/#\/schema\/logo\/image\/","url":"https:\/\/ca.zipwater.com\/wp-content\/uploads\/2022\/08\/zipwater2022_288x288.png","contentUrl":"https:\/\/ca.zipwater.com\/wp-content\/uploads\/2022\/08\/zipwater2022_288x288.png","width":288,"height":288,"caption":"Zip Water"},"image":{"@id":"https:\/\/ca.zipwater.com\/fr\/#\/schema\/logo\/image\/"}}]}},"_links":{"self":[{"href":"https:\/\/ca.zipwater.com\/fr\/wp-json\/wp\/v2\/pages\/40174","targetHints":{"allow":["GET"]}}],"collection":[{"href":"https:\/\/ca.zipwater.com\/fr\/wp-json\/wp\/v2\/pages"}],"about":[{"href":"https:\/\/ca.zipwater.com\/fr\/wp-json\/wp\/v2\/types\/page"}],"author":[{"embeddable":true,"href":"https:\/\/ca.zipwater.com\/fr\/wp-json\/wp\/v2\/users\/13"}],"replies":[{"embeddable":true,"href":"https:\/\/ca.zipwater.com\/fr\/wp-json\/wp\/v2\/comments?post=40174"}],"version-history":[{"count":1,"href":"https:\/\/ca.zipwater.com\/fr\/wp-json\/wp\/v2\/pages\/40174\/revisions"}],"predecessor-version":[{"id":40176,"href":"https:\/\/ca.zipwater.com\/fr\/wp-json\/wp\/v2\/pages\/40174\/revisions\/40176"}],"wp:attachment":[{"href":"https:\/\/ca.zipwater.com\/fr\/wp-json\/wp\/v2\/media?parent=40174"}],"curies":[{"name":"wp","href":"https:\/\/api.w.org\/{rel}","templated":true}]}}